{"id":10916,"date":"2021-10-09T06:53:16","date_gmt":"2021-10-09T03:53:16","guid":{"rendered":"http:\/\/consulting-demo.loc\/?page_id=10916"},"modified":"2026-03-02T12:27:43","modified_gmt":"2026-03-02T09:27:43","slug":"iletisim","status":"publish","type":"page","link":"https:\/\/agatechnic.com\/en\/iletisim\/","title":{"rendered":"Contact"},"content":{"rendered":"<div data-elementor-type=\"wp-page\" data-elementor-id=\"10916\" class=\"elementor elementor-10916\">\n\t\t\t\t\t\t\t<div class=\"elementor-element elementor-element-bc12d9a e-con-boxed e-flex e-con\" data-id=\"bc12d9a\" data-element_type=\"container\" data-settings=\"{&quot;content_width&quot;:&quot;boxed&quot;}\">\n\t\t\t\t\t<div class=\"e-con-inner\">\n\t\t<div class=\"elementor-element elementor-element-46e68b5 e-con-full e-flex e-con\" data-id=\"46e68b5\" data-element_type=\"container\" data-settings=\"{&quot;content_width&quot;:&quot;full&quot;}\">\n\t\t\t\t<div class=\"elementor-element elementor-element-3278a03 elementor-widget elementor-widget-heading\" data-id=\"3278a03\" data-element_type=\"widget\" data-widget_type=\"heading.default\">\n\t\t\t\t<div class=\"elementor-widget-container\">\n\t\t\t<style>\/*! elementor - v3.13.3 - 28-05-2023 *\/\n.elementor-heading-title{padding:0;margin:0;line-height:1}.elementor-widget-heading .elementor-heading-title[class*=elementor-size-]>a{color:inherit;font-size:inherit;line-height:inherit}.elementor-widget-heading .elementor-heading-title.elementor-size-small{font-size:15px}.elementor-widget-heading .elementor-heading-title.elementor-size-medium{font-size:19px}.elementor-widget-heading .elementor-heading-title.elementor-size-large{font-size:29px}.elementor-widget-heading .elementor-heading-title.elementor-size-xl{font-size:39px}.elementor-widget-heading .elementor-heading-title.elementor-size-xxl{font-size:59px}<\/style><h2 class=\"elementor-heading-title elementor-size-default\">Qualified Support<\/h2>\t\t<\/div>\n\t\t\t\t<\/div>\n\t\t\t\t<div class=\"elementor-element elementor-element-383a109 elementor-widget elementor-widget-text-editor\" data-id=\"383a109\" data-element_type=\"widget\" data-widget_type=\"text-editor.default\">\n\t\t\t\t<div class=\"elementor-widget-container\">\n\t\t\t<style>\/*! elementor - v3.13.3 - 28-05-2023 *\/\n.elementor-widget-text-editor.elementor-drop-cap-view-stacked .elementor-drop-cap{background-color:#69727d;color:#fff}.elementor-widget-text-editor.elementor-drop-cap-view-framed .elementor-drop-cap{color:#69727d;border:3px solid;background-color:transparent}.elementor-widget-text-editor:not(.elementor-drop-cap-view-default) .elementor-drop-cap{margin-top:8px}.elementor-widget-text-editor:not(.elementor-drop-cap-view-default) .elementor-drop-cap-letter{width:1em;height:1em}.elementor-widget-text-editor .elementor-drop-cap{float:left;text-align:center;line-height:1;font-size:50px}.elementor-widget-text-editor .elementor-drop-cap-letter{display:inline-block}<\/style>\t\t\t\t<p>Send us a message if you have any questions or concerns about your workflow. Our Support Team works 24\/7, so we will get back to you as soon as possible.<\/p>\n\t\t\t\t\t\t<\/div>\n\t\t\t\t<\/div>\n\t\t\t\t<\/div>\n\t\t<div class=\"elementor-element elementor-element-bd527d6 e-con-full e-flex e-con\" data-id=\"bd527d6\" data-element_type=\"container\" data-settings=\"{&quot;content_width&quot;:&quot;full&quot;}\">\n\t\t\t\t<div class=\"elementor-element elementor-element-cad1f29 elementor-widget elementor-widget-stm_contact_form_7\" data-id=\"cad1f29\" data-element_type=\"widget\" data-widget_type=\"stm_contact_form_7.default\">\n\t\t\t\t<div class=\"elementor-widget-container\">\n\t\t\t\n<div class=\"wpcf7 no-js\" id=\"wpcf7-f7475-o1\" lang=\"en-US\" dir=\"ltr\">\n<div class=\"screen-reader-response\"><p role=\"status\" aria-live=\"polite\" aria-atomic=\"true\"><\/p> <ul><\/ul><\/div>\n<form action=\"\/en\/wp-json\/wp\/v2\/pages\/10916#wpcf7-f7475-o1\" method=\"post\" class=\"wpcf7-form init\" aria-label=\"Contact form\" novalidate=\"novalidate\" data-status=\"init\" data-trp-original-action=\"\/en\/wp-json\/wp\/v2\/pages\/10916#wpcf7-f7475-o1\">\n<div style=\"display: none;\">\n<input type=\"hidden\" name=\"_wpcf7\" value=\"7475\" \/>\n<input type=\"hidden\" name=\"_wpcf7_version\" value=\"5.7.7\" \/>\n<input type=\"hidden\" name=\"_wpcf7_locale\" value=\"en_US\" \/>\n<input type=\"hidden\" name=\"_wpcf7_unit_tag\" value=\"wpcf7-f7475-o1\" \/>\n<input type=\"hidden\" name=\"_wpcf7_container_post\" value=\"0\" \/>\n<input type=\"hidden\" name=\"_wpcf7_posted_data_hash\" value=\"\" \/>\n<\/div>\n<div class=\"request_callback_form manchester_contact_form\">\n    <div class=\"request_callback\">\n        <span class=\"stm-contact-message\"><\/span>\n        <div class=\"row\">\n            <div class=\"col-lg-6 col-md-6 col-sm-6 col-xs-12\">\n                <div class=\"input-group\">\n                    <label><span class=\"wpcf7-form-control-wrap\" data-name=\"text-name\"><input size=\"40\" class=\"wpcf7-form-control wpcf7-text wpcf7-validates-as-required\" aria-required=\"true\" aria-invalid=\"false\" placeholder=\"Full Name\" value=\"\" type=\"text\" name=\"text-name\" \/><\/span><span class=\"form-icons stm-ankara-user\"><\/span><\/label>\n                <\/div>\n            <\/div>\n            <div class=\"col-lg-6 col-md-6 col-sm-6 col-xs-12\">\n                <div class=\"input-group\">\n                    <label><span class=\"wpcf7-form-control-wrap\" data-name=\"text-company\"><input size=\"40\" class=\"wpcf7-form-control wpcf7-text\" aria-invalid=\"false\" placeholder=\"Company\" value=\"\" type=\"text\" name=\"text-company\" \/><\/span><span class=\"form-icons stm-briefcase\"><\/span><\/label>\n                <\/div>\n            <\/div>\n            <div class=\"col-lg-6 col-md-6 col-sm-6 col-xs-12\">\n                <div class=\"input-group\">\n                    <label><span class=\"wpcf7-form-control-wrap\" data-name=\"email-609\"><input size=\"40\" class=\"wpcf7-form-control wpcf7-text wpcf7-email wpcf7-validates-as-required wpcf7-validates-as-email\" aria-required=\"true\" aria-invalid=\"false\" placeholder=\"Email\" value=\"\" type=\"email\" name=\"email-609\" \/><\/span><span class=\"form-icons stm-email2\"><\/span><\/label>\n                <\/div>\n            <\/div>\n            <div class=\"col-lg-6 col-md-6 col-sm-6 col-xs-12\">\n                <div class=\"input-group\">\n                    <label><span class=\"wpcf7-form-control-wrap\" data-name=\"tel-341\"><input size=\"40\" class=\"wpcf7-form-control wpcf7-text wpcf7-tel wpcf7-validates-as-tel\" aria-invalid=\"false\" placeholder=\"Phone\" value=\"\" type=\"tel\" name=\"tel-341\" \/><\/span><span class=\"form-icons stm-contact_phone\"><\/span><\/label>\n                <\/div>\n            <\/div>\n            <div class=\"col-lg-12 col-md-12 col-sm-12 col-xs-12\">\n                <div class=\"input-group\">\n                    <label><span class=\"wpcf7-form-control-wrap\" data-name=\"textarea-488\"><textarea cols=\"40\" rows=\"10\" class=\"wpcf7-form-control wpcf7-textarea wpcf7-validates-as-required\" aria-required=\"true\" aria-invalid=\"false\" placeholder=\"Your Message\" name=\"textarea-488\"><\/textarea><\/span><\/label>\n                <\/div>\n            <\/div>\n            <div class=\"col-lg-12 col-md-12 col-sm-12 col-xs-12\">\n                <div class=\"input-group\">\n                    <button type=\"submit\" class=\"vc_general vc_btn3 vc_btn3-size-md vc_btn3-shape-rounded vc_btn3-style-flat vc_btn3-color-theme_style_2\">Send<\/button>\n                <\/div>\n            <\/div>\n        <\/div>\n    <\/div>\n<\/div><div class=\"wpcf7-response-output\" aria-hidden=\"true\"><\/div>\n<input type=\"hidden\" name=\"trp-form-language\" value=\"en\"\/><\/form>\n<\/div>\n\t\t\t\t<\/div>\n\t\t\t\t<\/div>\n\t\t\t\t<\/div>\n\t\t\t\t<div class=\"elementor-element elementor-element-915bdfc elementor-widget__width-initial elementor-absolute elementor-widget elementor-widget-image\" data-id=\"915bdfc\" data-element_type=\"widget\" data-settings=\"{&quot;_position&quot;:&quot;absolute&quot;}\" data-widget_type=\"image.default\">\n\t\t\t\t<div class=\"elementor-widget-container\">\n\t\t\t<style>\/*! elementor - v3.13.3 - 28-05-2023 *\/\n.elementor-widget-image{text-align:center}.elementor-widget-image a{display:inline-block}.elementor-widget-image a img[src$=\".svg\"]{width:48px}.elementor-widget-image img{vertical-align:middle;display:inline-block}<\/style>\t\t\t\t\t\t\t\t\t\t\t\t<img decoding=\"async\" src=\"https:\/\/consulting.stylemixthemes.com\/demo\/wp-content\/uploads\/2021\/svg\/manchester_inner_triangle-1.svg\" title=\"\" alt=\"\" loading=\"lazy\" \/>\t\t\t\t\t\t\t\t\t\t\t\t\t\t\t<\/div>\n\t\t\t\t<\/div>\n\t\t\t\t\t<\/div>\n\t\t\t\t<\/div>\n\t\t<div class=\"elementor-element elementor-element-0f59cf8 e-con-full e-flex e-con\" data-id=\"0f59cf8\" data-element_type=\"container\" data-settings=\"{&quot;content_width&quot;:&quot;full&quot;}\">\n\t\t<div class=\"elementor-element elementor-element-310891c e-con-full e-flex e-con\" data-id=\"310891c\" data-element_type=\"container\" data-settings=\"{&quot;background_background&quot;:&quot;classic&quot;,&quot;content_width&quot;:&quot;full&quot;}\">\n\t\t<div class=\"elementor-element elementor-element-7c6179c e-con-full e-flex e-con\" data-id=\"7c6179c\" data-element_type=\"container\" data-settings=\"{&quot;content_width&quot;:&quot;full&quot;}\">\n\t\t\t\t<div class=\"elementor-element elementor-element-fbb4023 elementor-position-left elementor-vertical-align-middle elementor-view-default elementor-mobile-position-top elementor-widget elementor-widget-icon-box\" data-id=\"fbb4023\" data-element_type=\"widget\" data-widget_type=\"icon-box.default\">\n\t\t\t\t<div class=\"elementor-widget-container\">\n\t\t\t<link rel=\"stylesheet\" href=\"https:\/\/agatechnic.com\/wp-content\/uploads\/elementor\/css\/custom-widget-icon-box.min.css?ver=1772612350\">\t\t<div class=\"elementor-icon-box-wrapper\">\n\t\t\t\t\t\t<div class=\"elementor-icon-box-icon\">\n\t\t\t\t<span class=\"elementor-icon elementor-animation-\" >\n\t\t\t\t<svg xmlns=\"http:\/\/www.w3.org\/2000\/svg\" viewbox=\"0 0 512 512\"><path d=\"M 92.920 98.010 C 63.595 105.225, 41.013 127.966, 33.959 157.386 C 32.106 165.115, 32.014 169.796, 32.014 256 C 32.014 343.188, 32.088 346.807, 34.023 354.881 C 40.907 383.597, 64.419 407.149, 93 413.960 C 101.345 415.949, 104.313 415.986, 256 415.986 C 407.284 415.986, 410.674 415.944, 418.881 413.977 C 447.674 407.074, 471.131 383.658, 477.960 355 C 479.917 346.790, 479.986 343.417, 479.986 256 C 479.986 169.796, 479.894 165.115, 478.041 157.386 C 470.930 127.728, 448.272 105.070, 418.614 97.959 C 410.750 96.074, 405.721 96.016, 255.500 96.079 C 107.738 96.142, 100.146 96.232, 92.920 98.010 M 104.536 129.113 C 84.673 132.006, 67.957 149.099, 65.040 169.500 C 63.701 178.869, 63.701 333.131, 65.040 342.500 C 68.027 363.387, 84.613 379.973, 105.500 382.960 C 115.027 384.322, 396.973 384.322, 406.500 382.960 C 427.387 379.973, 443.973 363.387, 446.960 342.500 C 448.299 333.131, 448.299 178.869, 446.960 169.500 C 443.964 148.546, 427.454 132.036, 406.500 129.040 C 397.770 127.792, 113.132 127.861, 104.536 129.113 M 116.500 172.412 C 108.346 176.036, 104.625 186.341, 108.597 194.300 C 109.476 196.060, 123.308 210.660, 139.334 226.744 L 168.474 255.987 133.794 290.744 C 114.720 309.860, 98.638 326.767, 98.057 328.315 C 95.180 335.978, 97.870 343.974, 104.922 348.726 C 108.624 351.221, 114.901 351.739, 119.685 349.943 C 121.233 349.362, 138.119 333.302, 157.209 314.253 L 191.918 279.620 209.709 297.060 C 228.338 315.321, 232.880 318.553, 244.131 321.547 C 250.991 323.373, 261.009 323.373, 267.869 321.547 C 279.120 318.553, 283.662 315.321, 302.291 297.060 L 320.082 279.620 354.791 314.253 C 373.881 333.302, 390.767 349.362, 392.315 349.943 C 399.978 352.820, 407.974 350.130, 412.726 343.078 C 415.221 339.376, 415.739 333.099, 413.943 328.315 C 413.362 326.767, 397.280 309.860, 378.206 290.744 L 343.526 255.987 372.666 226.744 C 388.692 210.660, 402.574 195.963, 403.514 194.084 C 405.666 189.782, 405.078 181.920, 402.328 178.237 C 397.180 171.342, 388.562 169.109, 381.426 172.823 C 379.108 174.029, 354.560 197.859, 321.500 230.998 C 290.700 261.870, 264.285 287.775, 262.800 288.565 C 261.314 289.354, 258.255 290, 256 290 C 253.745 290, 250.686 289.354, 249.200 288.565 C 247.715 287.775, 221.300 261.870, 190.500 230.998 C 159.700 200.125, 132.830 173.996, 130.790 172.933 C 126.510 170.703, 120.812 170.495, 116.500 172.412\" fill-rule=\"evenodd\"><\/path><\/svg>\t\t\t\t<\/span>\n\t\t\t<\/div>\n\t\t\t\t\t\t<div class=\"elementor-icon-box-content\">\n\t\t\t\t<p class=\"elementor-icon-box-title\">\n\t\t\t\t\t<span  >\n\t\t\t\t\t\tEMAIL\t\t\t\t\t<\/span>\n\t\t\t\t<\/p>\n\t\t\t\t\t\t\t\t\t<p class=\"elementor-icon-box-description\">\n\t\t\t\t\t\ttanker@agatechnic.com\n<br>bulk@agatechnic.com\t\t\t\t\t<\/p>\n\t\t\t\t\t\t\t<\/div>\n\t\t<\/div>\n\t\t\t\t<\/div>\n\t\t\t\t<\/div>\n\t\t\t\t<div class=\"elementor-element elementor-element-55511b4 elementor-position-left elementor-vertical-align-middle elementor-view-default elementor-mobile-position-top elementor-widget elementor-widget-icon-box\" data-id=\"55511b4\" data-element_type=\"widget\" data-widget_type=\"icon-box.default\">\n\t\t\t\t<div class=\"elementor-widget-container\">\n\t\t\t\t\t<div class=\"elementor-icon-box-wrapper\">\n\t\t\t\t\t\t<div class=\"elementor-icon-box-icon\">\n\t\t\t\t<span class=\"elementor-icon elementor-animation-\" >\n\t\t\t\t<svg xmlns=\"http:\/\/www.w3.org\/2000\/svg\" viewbox=\"0 0 512 512\"><path d=\"M 135 48.050 C 72.407 53.052, 19.344 98.246, 4.145 159.500 C -0.521 178.302, -1.452 198.468, 1.897 208.200 C 6.578 221.807, 17.048 232.174, 30.584 236.605 C 34.266 237.810, 41.575 238.376, 59.695 238.857 L 83.890 239.500 80.601 247 C 78.792 251.125, 71.556 267.550, 64.521 283.500 C 43.013 332.258, 39.752 344.941, 38.420 385 C 37.698 406.720, 38.723 419.412, 41.940 428.576 C 47.281 443.792, 61.464 457.252, 77.458 462.285 L 84.500 464.500 256 464.500 L 427.500 464.500 434.620 462.261 C 450.387 457.302, 464.406 444.013, 470.236 428.500 C 472.344 422.891, 472.511 420.684, 472.804 394.615 C 473.334 347.444, 470.822 336.418, 447.479 283.500 C 440.444 267.550, 433.208 251.125, 431.399 247 L 428.110 239.500 452.305 238.857 C 478.049 238.173, 482.039 237.511, 490.577 232.508 C 499.143 227.488, 507.125 217.615, 509.986 208.500 C 510.677 206.300, 511.637 204.073, 512.121 203.550 C 513.261 202.318, 513.275 177.712, 512.135 178.417 C 511.659 178.711, 510.969 176.389, 510.600 173.258 C 506.899 141.766, 487.464 106.243, 461.734 83.940 C 436.913 62.426, 408.340 50.570, 375 47.951 C 361.269 46.872, 148.639 46.960, 135 48.050 M 126.640 83.599 C 112.134 86.220, 96.215 92.754, 83.500 101.308 C 75.739 106.528, 62.147 119.728, 56.013 128 C 51.517 134.064, 43.046 148.564, 43.014 150.250 C 43.006 150.662, 64.497 151, 90.772 151 L 138.544 151 142.022 148.164 C 147.108 144.017, 153.809 140.459, 159.500 138.884 C 166.893 136.838, 345.107 136.838, 352.500 138.884 C 358.191 140.459, 364.892 144.017, 369.978 148.164 L 373.456 151 421.228 151 C 447.503 151, 468.994 150.662, 468.986 150.250 C 468.954 148.564, 460.483 134.064, 455.987 128 C 449.853 119.728, 436.261 106.528, 428.500 101.308 C 415.404 92.498, 399.838 86.203, 384.565 83.539 C 371.910 81.332, 138.888 81.387, 126.640 83.599 M 168.035 172.306 C 166.055 172.988, 163.590 174.956, 162.285 176.898 C 160.273 179.890, 160 181.526, 160 190.599 C 160 196.265, 159.494 203.286, 158.876 206.201 C 155.589 221.692, 143.103 234.269, 127.941 237.362 L 121.824 238.609 104.402 278.055 C 79.850 333.647, 77.475 340.239, 74.528 361 C 72.413 375.890, 72.426 412.691, 74.548 417.768 C 76.612 422.710, 79.659 425.876, 84.500 428.110 C 88.338 429.881, 95.285 429.957, 255.782 429.978 C 437.584 430.002, 426.752 430.325, 432.868 424.702 C 438.309 419.700, 438.956 416.337, 438.960 393 C 438.965 362.679, 436.587 347.592, 428.479 326.500 C 426.576 321.550, 417.179 299.750, 407.598 278.055 L 390.176 238.609 384.059 237.362 C 368.897 234.269, 356.411 221.692, 353.124 206.201 C 352.506 203.286, 352 196.265, 352 190.599 C 352 181.526, 351.727 179.890, 349.715 176.898 C 348.410 174.956, 345.945 172.988, 343.965 172.306 C 338.991 170.593, 173.009 170.593, 168.035 172.306 M 0.389 191.500 C 0.390 198.650, 0.550 201.444, 0.742 197.708 C 0.935 193.973, 0.934 188.123, 0.739 184.708 C 0.545 181.294, 0.387 184.350, 0.389 191.500 M 34 191.577 C 34 197.513, 34.285 198.439, 36.923 201.077 L 39.846 204 80.673 203.985 C 103.128 203.976, 121.995 203.639, 122.600 203.235 C 124.895 201.702, 126 197.910, 126 191.566 L 126 185 80 185 L 34 185 34 191.577 M 386 191.566 C 386 197.910, 387.105 201.702, 389.400 203.235 C 390.005 203.639, 408.872 203.976, 431.327 203.985 L 472.154 204 475.077 201.077 C 477.715 198.439, 478 197.513, 478 191.577 L 478 185 432 185 L 386 185 386 191.566 M 193.500 236.931 C 189.032 238.006, 186.616 239.535, 183.152 243.480 C 179.371 247.786, 178.623 250.440, 179.206 257.474 C 180.226 269.767, 193.106 277.325, 204.746 272.462 C 206.770 271.616, 209.279 270.153, 210.320 269.212 C 215.280 264.727, 217.441 254.944, 214.936 248.315 C 211.901 240.281, 201.824 234.930, 193.500 236.931 M 251 237.175 C 235.389 241.611, 232.334 261.838, 245.874 271.116 C 248.682 273.040, 250.636 273.500, 256 273.500 C 261.364 273.500, 263.318 273.040, 266.126 271.116 C 279.913 261.669, 276.576 241.495, 260.500 237.104 C 255.890 235.845, 255.676 235.846, 251 237.175 M 312.500 236.494 C 311.950 236.676, 310.271 237.096, 308.768 237.427 C 305.103 238.235, 299.019 243.710, 297.351 247.702 C 294.497 254.532, 296.511 264.538, 301.680 269.212 C 309.542 276.322, 323.067 275.023, 329.540 266.537 C 332.480 262.682, 333.910 254.763, 332.606 249.565 C 331.813 246.406, 326.552 240.327, 323.102 238.583 C 320.304 237.168, 314.133 235.953, 312.500 236.494 M 188.804 295.041 C 178.474 300.496, 175.633 314.956, 183.198 323.572 C 187.406 328.366, 191.497 330.286, 197.500 330.286 C 205.163 330.286, 212.363 325.495, 214.936 318.685 C 217.441 312.056, 215.280 302.273, 210.320 297.788 C 204.959 292.940, 195.152 291.688, 188.804 295.041 M 248.500 294.432 C 238.797 299.168, 234.611 309.810, 238.761 319.194 C 245.288 333.949, 266.712 333.949, 273.239 319.194 C 276.881 310.958, 273.944 301.241, 266.209 295.941 C 261.976 293.040, 252.932 292.270, 248.500 294.432 M 307.030 294.583 C 302.459 296.566, 300.192 298.707, 297.894 303.210 C 291.572 315.597, 300.581 330.286, 314.500 330.286 C 333.913 330.286, 340.275 303.813, 322.982 294.991 C 318.377 292.642, 311.889 292.476, 307.030 294.583 M 191.914 349.956 C 177.257 354.397, 174.253 375.183, 187.044 383.648 C 203.422 394.486, 222.914 376.389, 213.677 358.921 C 209.814 351.616, 199.904 347.534, 191.914 349.956 M 248.500 350.890 C 233.095 358, 233.537 378.895, 249.232 385.452 C 253.929 387.415, 258.071 387.415, 262.768 385.452 C 278.779 378.763, 278.779 357.237, 262.768 350.548 C 257.903 348.515, 253.413 348.623, 248.500 350.890 M 306.073 351.672 C 296.055 356.945, 292.872 368.676, 298.887 378.160 C 308.980 394.076, 333 386.836, 333 367.878 C 333 358.052, 326.197 350.503, 316.319 349.369 C 312.298 348.907, 310.602 349.288, 306.073 351.672\" fill-rule=\"evenodd\"><\/path><\/svg>\t\t\t\t<\/span>\n\t\t\t<\/div>\n\t\t\t\t\t\t<div class=\"elementor-icon-box-content\">\n\t\t\t\t<p class=\"elementor-icon-box-title\">\n\t\t\t\t\t<span  >\n\t\t\t\t\t\tPHONE\t\t\t\t\t<\/span>\n\t\t\t\t<\/p>\n\t\t\t\t\t\t\t\t\t<p class=\"elementor-icon-box-description\">\n\t\t\t\t\t\t+90 (216) 784 00 75\t\t\t\t\t<\/p>\n\t\t\t\t\t\t\t<\/div>\n\t\t<\/div>\n\t\t\t\t<\/div>\n\t\t\t\t<\/div>\n\t\t\t\t<\/div>\n\t\t\t\t<div class=\"elementor-element elementor-element-463a106 elementor-position-left elementor-vertical-align-middle elementor-view-default elementor-mobile-position-top elementor-widget elementor-widget-icon-box\" data-id=\"463a106\" data-element_type=\"widget\" data-widget_type=\"icon-box.default\">\n\t\t\t\t<div class=\"elementor-widget-container\">\n\t\t\t\t\t<div class=\"elementor-icon-box-wrapper\">\n\t\t\t\t\t\t<div class=\"elementor-icon-box-icon\">\n\t\t\t\t<span class=\"elementor-icon elementor-animation-\" >\n\t\t\t\t<svg xmlns=\"http:\/\/www.w3.org\/2000\/svg\" viewbox=\"0 0 512 512\"><path d=\"M 232 0.639 C 230.625 0.841, 226.125 1.485, 222 2.070 C 203.194 4.739, 180.248 12.293, 160.500 22.318 C 99.945 53.058, 56.780 110.628, 44.380 177.189 C 42.260 188.565, 41.419 218.531, 42.921 229.136 C 49.589 276.212, 79.867 336.669, 135.531 414.052 C 149.033 432.823, 178.815 472.271, 186.024 480.933 C 195.855 492.746, 214.419 504.285, 231.500 509.199 C 238.498 511.212, 241.630 511.493, 256.500 511.441 C 272.027 511.386, 274.261 511.148, 282.282 508.686 C 299.236 503.482, 313.305 494.856, 324.631 482.721 C 332.416 474.379, 353.204 447.474, 369.804 424.253 C 423.176 349.595, 456.181 288.194, 467.192 243.076 C 469.834 232.250, 470.769 205.864, 469.044 190.821 C 460.830 119.215, 418.864 57.724, 355 23.716 C 334.971 13.050, 308.245 4.704, 284.158 1.594 C 272.993 0.152, 239.496 -0.461, 232 0.639 M 243 41.083 C 214.725 43.083, 185.761 52.831, 162.188 68.282 C 115.915 98.612, 87.199 146.920, 83.086 201.358 C 81.025 228.632, 86.427 248.580, 107.049 289.854 C 127.768 331.322, 161.603 383.050, 203.871 437.882 C 217.776 455.920, 223.447 461.604, 231.439 465.514 C 246.275 472.772, 266.296 472.925, 280.280 465.886 C 288.602 461.697, 294.307 456.278, 305.424 442 C 373.333 354.790, 417.420 279, 427.580 232 C 428.655 227.027, 429.177 219.952, 429.129 211 C 428.820 153.055, 397.462 97.841, 346.957 66.315 C 325.426 52.875, 296.821 43.220, 273.500 41.522 C 257.122 40.330, 254.242 40.288, 243 41.083 M 240.734 130.515 C 201.677 137.921, 174.844 168.981, 172.334 209.688 C 170.885 233.190, 178.874 255.103, 195.291 272.652 C 206.676 284.822, 225.070 294.878, 241.504 297.916 C 251.040 299.679, 267.395 299.251, 276.818 296.992 C 308.177 289.474, 332.554 264.946, 340.116 233.301 C 343.067 220.954, 342.409 202.468, 338.560 189.549 C 329.830 160.252, 308.411 139.354, 279.500 131.924 C 268.881 129.196, 251.100 128.549, 240.734 130.515 M 251 170.043 C 236.309 171.918, 223.396 181.612, 216.665 195.820 C 213.682 202.115, 213.500 203.162, 213.501 214 C 213.502 224.497, 213.746 226.023, 216.300 231.500 C 220.515 240.538, 223.899 244.915, 230.345 249.668 C 253.259 266.564, 288.281 257.018, 298.002 231.227 C 304.882 212.974, 301.385 195.602, 288.171 182.388 C 282.189 176.407, 272.860 171.414, 265.948 170.496 C 257.506 169.375, 256.479 169.344, 251 170.043\" fill-rule=\"evenodd\"><\/path><\/svg>\t\t\t\t<\/span>\n\t\t\t<\/div>\n\t\t\t\t\t\t<div class=\"elementor-icon-box-content\">\n\t\t\t\t<p class=\"elementor-icon-box-title\">\n\t\t\t\t\t<span  >\n\t\t\t\t\t\tADDRESS\t\t\t\t\t<\/span>\n\t\t\t\t<\/p>\n\t\t\t\t\t\t\t\t\t<p class=\"elementor-icon-box-description\">\n\t\t\t\t\t\tKemanke\u015f Karamustafapa\u015fa Mah. Frans\u0131z Ge\u00e7idi Sok. Frans\u0131z Ge\u00e7idi \u0130\u015f Merkezi A Blok No:2 \u0130\u00e7 Kap\u0131 No:2 Beyo\u011flu\/\u0130stanbul\/T\u00dcRK\u0130YE \t\t\t\t\t<\/p>\n\t\t\t\t\t\t\t<\/div>\n\t\t<\/div>\n\t\t\t\t<\/div>\n\t\t\t\t<\/div>\n\t\t\t\t<\/div>\n\t\t\t\t<div class=\"elementor-element elementor-element-b813c8b elementor-widget elementor-widget-google_maps\" data-id=\"b813c8b\" data-element_type=\"widget\" data-widget_type=\"google_maps.default\">\n\t\t\t\t<div class=\"elementor-widget-container\">\n\t\t\t<style>\/*! elementor - v3.13.3 - 28-05-2023 *\/\n.elementor-widget-google_maps .elementor-widget-container{overflow:hidden}.elementor-widget-google_maps .elementor-custom-embed{line-height:0}.elementor-widget-google_maps iframe{height:300px}<\/style>\t\t<div class=\"elementor-custom-embed\">\n\t\t\t<iframe loading=\"lazy\"\n\t\t\t\t\tsrc=\"https:\/\/maps.google.com\/maps?q=Kemanke%C5%9F%20Karamustafapa%C5%9Fa%20Mah.%20Frans%C4%B1z%20Ge%C3%A7idi%20Sok.%20Frans%C4%B1z%20Ge%C3%A7idi%20%C4%B0%C5%9F%20Merkezi%20A%20Blok%20No%3A2%20%C4%B0%C3%A7%20Kap%C4%B1%20No%3A2%20Beyo%C4%9Flu%2F%C4%B0stanbul%2FT%C3%9CRK%C4%B0YE%20&#038;t=m&#038;z=18&#038;output=embed&#038;iwloc=near\"\n\t\t\t\t\ttitle=\"Kemanke\u015f Karamustafapa\u015fa Mah. Frans\u0131z Ge\u00e7idi Sok. Frans\u0131z Ge\u00e7idi \u0130\u015f Merkezi A Blok No:2 \u0130\u00e7 Kap\u0131 No:2 Beyo\u011flu\/\u0130stanbul\/T\u00dcRK\u0130YE \"\n\t\t\t\t\taria-label=\"Kemanke\u015f Karamustafapa\u015fa Mah. Frans\u0131z Ge\u00e7idi Sok. Frans\u0131z Ge\u00e7idi \u0130\u015f Merkezi A Blok No:2 \u0130\u00e7 Kap\u0131 No:2 Beyo\u011flu\/\u0130stanbul\/T\u00dcRK\u0130YE \"\n\t\t\t><\/iframe>\n\t\t<\/div>\n\t\t\t\t<\/div>\n\t\t\t\t<\/div>\n\t\t\t\t<\/div>\n\t\t\t\t\t\t\t<\/div>","protected":false},"excerpt":{"rendered":"<p>Nitelikli Destek \u0130\u015f ak\u0131\u015f\u0131n\u0131zla ilgili herhangi bir sorunuz veya endi\u015feniz varsa bize bir mesaj g\u00f6nderin. Destek Ekibimiz 7\/24 \u00e7al\u0131\u015fmaktad\u0131r, bu nedenle size en k\u0131sa s\u00fcrede geri d\u00f6nece\u011fiz. G\u00f6nder E-POSTA tanker@agatechnic.com bulk@agatechnic.com TELEFON +90 (216) 784 00 75 ADRES Kemanke\u015f Karamustafapa\u015fa Mah. Frans\u0131z Ge\u00e7idi Sok. Frans\u0131z Ge\u00e7idi \u0130\u015f Merkezi A Blok No:2 \u0130\u00e7 Kap\u0131 No:2 Beyo\u011flu\/\u0130stanbul\/T\u00dcRK\u0130YE<\/p>","protected":false},"author":1,"featured_media":0,"parent":0,"menu_order":9,"comment_status":"closed","ping_status":"closed","template":"","meta":{"footnotes":""},"class_list":["post-10916","page","type-page","status-publish","hentry"],"_links":{"self":[{"href":"https:\/\/agatechnic.com\/en\/wp-json\/wp\/v2\/pages\/10916","targetHints":{"allow":["GET"]}}],"collection":[{"href":"https:\/\/agatechnic.com\/en\/wp-json\/wp\/v2\/pages"}],"about":[{"href":"https:\/\/agatechnic.com\/en\/wp-json\/wp\/v2\/types\/page"}],"author":[{"embeddable":true,"href":"https:\/\/agatechnic.com\/en\/wp-json\/wp\/v2\/users\/1"}],"replies":[{"embeddable":true,"href":"https:\/\/agatechnic.com\/en\/wp-json\/wp\/v2\/comments?post=10916"}],"version-history":[{"count":4,"href":"https:\/\/agatechnic.com\/en\/wp-json\/wp\/v2\/pages\/10916\/revisions"}],"predecessor-version":[{"id":12212,"href":"https:\/\/agatechnic.com\/en\/wp-json\/wp\/v2\/pages\/10916\/revisions\/12212"}],"wp:attachment":[{"href":"https:\/\/agatechnic.com\/en\/wp-json\/wp\/v2\/media?parent=10916"}],"curies":[{"name":"wp","href":"https:\/\/api.w.org\/{rel}","templated":true}]}}